{"id":1957,"date":"2013-01-23T18:29:16","date_gmt":"2013-01-23T17:29:16","guid":{"rendered":"http:\/\/www.shorinjikempo.net\/?page_id=1957"},"modified":"2019-09-05T22:08:10","modified_gmt":"2019-09-05T20:08:10","slug":"branch","status":"publish","type":"page","link":"https:\/\/www.shorinjikempo.net\/en\/branch\/","title":{"rendered":"The Branch"},"content":{"rendered":"<p><img loading=\"lazy\" decoding=\"async\" class=\"alignnone size-full wp-image-582\" style=\"border: 0pt none; padding: 0px; border-radius: 0px 0px 0px 0px; box-shadow: none;\" title=\"shibu\" src=\"http:\/\/www.shorinjikempo.net\/wp-content\/uploads\/2011\/10\/kanji-shibu.png\" alt=\"shibu\" width=\"85\" height=\"45\" \/><br \/>\n<a href=\"http:\/\/www.shorinjikempo.net\/wp-content\/uploads\/2013\/01\/shomen.jpg\"><img loading=\"lazy\" decoding=\"async\" class=\"size-medium wp-image-3437 alignright\" title=\"sh\u014dmen\" src=\"http:\/\/www.shorinjikempo.net\/wp-content\/uploads\/2013\/01\/shomen-300x300.jpg\" alt=\"sh\u014dmen\" width=\"300\" height=\"300\" srcset=\"https:\/\/www.shorinjikempo.net\/wp-content\/uploads\/2013\/01\/shomen-300x300.jpg 300w, https:\/\/www.shorinjikempo.net\/wp-content\/uploads\/2013\/01\/shomen-150x150.jpg 150w, https:\/\/www.shorinjikempo.net\/wp-content\/uploads\/2013\/01\/shomen-640x640.jpg 640w, https:\/\/www.shorinjikempo.net\/wp-content\/uploads\/2013\/01\/shomen-624x624.jpg 624w, https:\/\/www.shorinjikempo.net\/wp-content\/uploads\/2013\/01\/shomen.jpg 1000w\" sizes=\"auto, (max-width: 300px) 100vw, 300px\" \/><\/a>Shorinji Kempo Karlstad Shibu is a non-profit sports club (in Swedish this is called &#8220;ideell idrottsf\u00f6rening&#8221;) and none of our instructors get paid, all fees goes to run the branch, pay rent for the <em>d\u014dj\u014d<\/em>, buy equipment etc. The club was formally established November 9, 1984, but had been operating for almost a year before that. Read more about the <a title=\"Branch History\" href=\"http:\/\/www.shorinjikempo.net\/en\/branch\/history\/\">club&#8217;s history here<\/a>. The branch has a relatively large exchange internationally, therefore, our website is in both Swedish and English.<\/p>\n<p>For the training and for gradings etc. the branch&#8217;s <a title=\"Shibu-ch\u014d\" href=\"http:\/\/www.shorinjikempo.net\/en\/instructors\/shibu-cho\/\"><em>shibu-ch\u014d<\/em> (main instructor, branch master)<\/a> Anders Pettersson is responsible.<br \/>\nConcerning other matters it is the branch&#8217;s democratically elected <a title=\"Board\" href=\"http:\/\/www.shorinjikempo.net\/en\/branch\/board\/\">board<\/a> that are in charge of the branch&#8217;s activities.<\/p>\n<p>Shorinji Kempo Karlstad Shibu is a member of:<\/p>\n<ul>\n<li><a title=\"To the homepage of the World Shorinji Kempo Organization\" href=\"https:\/\/www.shorinjikempo.or.jp\/wsko\/\" target=\"_blank\" rel=\"noopener noreferrer\">World Shorinji Kempo Organization<\/a><\/li>\n<li><a title=\"To the homepage of the Swedish Shorinji Kempo Federation\" href=\"http:\/\/www.shorinjikempo.se\/en\/\" target=\"_blank\" rel=\"noopener noreferrer\">Swedish Shorinji Kempo Federation<\/a><\/li>\n<li><a title=\"To the homepage of the Swedish Budo &amp; Martial Arts Federation (Swedish only)\" href=\"https:\/\/www.budokampsport.se\/\" target=\"_blank\" rel=\"noopener noreferrer\">Swedish Budo &amp; Martial Arts Federation<\/a><\/li>\n<li><a title=\"To the homepage of the Swedish Sports Confederation\" href=\"https:\/\/www.rf.se\/\" target=\"_blank\" rel=\"noopener noreferrer\">Swedish Sports Confederation (Riksidrottsf\u00f6rbundet, RF)<\/a><\/li>\n<\/ul>\n","protected":false},"excerpt":{"rendered":"<p>Shorinji Kempo Karlstad Shibu is a non-profit sports club (in Swedish this is called &#8220;ideell idrottsf\u00f6rening&#8221;) and none of our instructors get paid, all fees goes to run the branch, [&hellip;]<\/p>\n","protected":false},"author":1,"featured_media":0,"parent":0,"menu_order":2,"comment_status":"closed","ping_status":"closed","template":"","meta":{"footnotes":""},"class_list":["post-1957","page","type-page","status-publish","hentry"],"_links":{"self":[{"href":"https:\/\/www.shorinjikempo.net\/en\/wp-json\/wp\/v2\/pages\/1957","targetHints":{"allow":["GET"]}}],"collection":[{"href":"https:\/\/www.shorinjikempo.net\/en\/wp-json\/wp\/v2\/pages"}],"about":[{"href":"https:\/\/www.shorinjikempo.net\/en\/wp-json\/wp\/v2\/types\/page"}],"author":[{"embeddable":true,"href":"https:\/\/www.shorinjikempo.net\/en\/wp-json\/wp\/v2\/users\/1"}],"replies":[{"embeddable":true,"href":"https:\/\/www.shorinjikempo.net\/en\/wp-json\/wp\/v2\/comments?post=1957"}],"version-history":[{"count":3,"href":"https:\/\/www.shorinjikempo.net\/en\/wp-json\/wp\/v2\/pages\/1957\/revisions"}],"predecessor-version":[{"id":1964,"href":"https:\/\/www.shorinjikempo.net\/en\/wp-json\/wp\/v2\/pages\/1957\/revisions\/1964"}],"wp:attachment":[{"href":"https:\/\/www.shorinjikempo.net\/en\/wp-json\/wp\/v2\/media?parent=1957"}],"curies":[{"name":"wp","href":"https:\/\/api.w.org\/{rel}","templated":true}]}}