{"id":1918,"date":"2013-01-23T17:26:23","date_gmt":"2013-01-23T16:26:23","guid":{"rendered":"http:\/\/www.shorinjikempo.net\/?page_id=1918"},"modified":"2025-11-10T22:04:11","modified_gmt":"2025-11-10T21:04:11","slug":"shibu-cho","status":"publish","type":"page","link":"https:\/\/www.shorinjikempo.net\/en\/instructors\/shibu-cho\/","title":{"rendered":"Shibu-ch\u014d"},"content":{"rendered":"<p><img loading=\"lazy\" decoding=\"async\" class=\"alignnone size-full wp-image-574\" style=\"border: 0pt none; padding: 0px; border-radius: 0px 0px 0px 0px; box-shadow: none;\" title=\"shibu-ch\u014d\" src=\"http:\/\/www.shorinjikempo.net\/wp-content\/uploads\/2011\/10\/kanji-shibu-cho.png\" alt=\"shibu-ch\u014d\" width=\"130\" height=\"45\" \/><\/p>\n<div id=\"attachment_4329\" style=\"width: 310px\" class=\"wp-caption alignright\"><a href=\"http:\/\/www.shorinjikempo.net\/wp-content\/uploads\/2013\/01\/anders-portrait.jpg\"><img loading=\"lazy\" decoding=\"async\" aria-describedby=\"caption-attachment-4329\" class=\"wp-image-4329 size-medium\" title=\"Anders Pettersson, junhanshi 7 dan, sh\u014dd\u014dshi (\u51c6\u7bc4\u58eb\u3000\u4e03\u6bb5\u3000\u5c11\u5c0e\u5e2b).\" src=\"http:\/\/www.shorinjikempo.net\/wp-content\/uploads\/2013\/01\/anders-portrait-300x300.jpg\" alt=\"Anders Pettersson, junhanshi 7 dan, sh\u014dd\u014dshi (\u51c6\u7bc4\u58eb\u3000\u4e03\u6bb5\u3000\u5c11\u5c0e\u5e2b).\" width=\"300\" height=\"300\" srcset=\"https:\/\/www.shorinjikempo.net\/wp-content\/uploads\/2013\/01\/anders-portrait-300x300.jpg 300w, https:\/\/www.shorinjikempo.net\/wp-content\/uploads\/2013\/01\/anders-portrait-150x150.jpg 150w, https:\/\/www.shorinjikempo.net\/wp-content\/uploads\/2013\/01\/anders-portrait-640x640.jpg 640w, https:\/\/www.shorinjikempo.net\/wp-content\/uploads\/2013\/01\/anders-portrait-624x624.jpg 624w, https:\/\/www.shorinjikempo.net\/wp-content\/uploads\/2013\/01\/anders-portrait.jpg 2000w\" sizes=\"auto, (max-width: 300px) 100vw, 300px\" \/><\/a><p id=\"caption-attachment-4329\" class=\"wp-caption-text\">Anders Pettersson, junhanshi 7 dan, sh\u014dd\u014dshi (\u51c6\u7bc4\u58eb\u3000\u4e03\u6bb5\u3000\u5c11\u5c0e\u5e2b).<\/p><\/div>\n<p>The branch\u2019s <em>Shibu-ch\u014d<\/em> (chief instructor or branch master as it often is called in English) is Anders Pettersson, who has the rank of <em>Junhanshi<\/em> 7 <em>Dan<\/em> and also the <em>S\u014dkai<\/em> rank <em>Sh\u014dd\u014dshi<\/em> (\u51c6\u7bc4\u58eb\u3000\u4e03\u6bb5\u3000\u5c11\u5c0e\u5e2b).<br \/>\nHe is also 1 <em>ky\u016b<\/em> (1st class) <em>k\u014dshi-in<\/em> (\u8003\u8a66\u54e1\/examiner) and <em>shimpan-in<\/em> (\u5be9\u5224\u54e1\/judge).<\/p>\n<p>Since April 2019 Anders is WSKO instructor (\u5c11\u6797\u5bfa\u62f3\u6cd5\u4e16\u754c\u9023\u5408\u6307\u5c0e\u54e1), International instructor (<em>kokusai shid\u014din<\/em>\/\u56fd\u969b\u6307\u5c0e\u54e1) and international judge (<em>kokusai shimpan-in<\/em>\/\u56fd\u969b\u5be9\u5224\u54e1).<\/p>\n<p>Anders began practising Shorinji Kempo in January 1984, but wasn\u2019t registered in WSKO until in June 1985 and has <em>kisei<\/em> 435. He has been to Japan and practised so many times that he lost count (more than 12 times). Five\u00a0of those times (-89, -93, -97, 2005 and 2013) has been for International <em>Taikai<\/em> and <em>K\u014dsh\u016bkai<\/em>, other times it has often been other types of <em>Gasshuku<\/em> \/ <em>K\u014dsh\u016bkai<\/em> at Hombu. Most of the trips to Japan have been around 3-5 weeks, and include visits to Hombu but much of the time have also been spent in Kyoto, where we in Sweden has had an long exchange with Rakut\u014d-d\u014din. In 1992 Anders was in Japan for 3 months, he lived in Kyoto and practised mainly in Rakut\u014d-d\u014din, but also a little in Tambabashi-d\u014din. Two weeks were spent at Hombu where he (and two other Swedes: Jonas and Niclas Johansson) trained with the <em>Busen<\/em> students. (<em>Busen<\/em> is an abbreviation of <em>Nippon Shorinji <strong>Bu<\/strong>do <strong>Sen<\/strong>mon Gakko<\/em> (<em>Senmon<\/em> = special, <em>Gakko<\/em> = school), the school is now called <em>Zenrin Gakuen<\/em>.)<\/p>\n<div id=\"attachment_3687\" style=\"width: 650px\" class=\"wp-caption aligncenter\"><a href=\"http:\/\/www.shorinjikempo.net\/wp-content\/uploads\/2014\/01\/morikawa-sensei-anders-1992.jpg\"><img loading=\"lazy\" decoding=\"async\" aria-describedby=\"caption-attachment-3687\" class=\" wp-image-3687 \" title=\"Anders together with Morikawa Zeoh sensei in Rakut\u014d d\u014din 1992\" src=\"http:\/\/www.shorinjikempo.net\/wp-content\/uploads\/2014\/01\/morikawa-sensei-anders-1992-640x426.jpg\" alt=\"Anders together with Morikawa Zeoh sensei in Rakut\u014d d\u014din 1992\" width=\"640\" height=\"426\" srcset=\"https:\/\/www.shorinjikempo.net\/wp-content\/uploads\/2014\/01\/morikawa-sensei-anders-1992-640x426.jpg 640w, https:\/\/www.shorinjikempo.net\/wp-content\/uploads\/2014\/01\/morikawa-sensei-anders-1992-300x200.jpg 300w, https:\/\/www.shorinjikempo.net\/wp-content\/uploads\/2014\/01\/morikawa-sensei-anders-1992-624x416.jpg 624w, https:\/\/www.shorinjikempo.net\/wp-content\/uploads\/2014\/01\/morikawa-sensei-anders-1992.jpg 1500w\" sizes=\"auto, (max-width: 640px) 100vw, 640px\" \/><\/a><p id=\"caption-attachment-3687\" class=\"wp-caption-text\">Anders together with Morikawa Zeoh sensei in Rakut\u014d d\u014din 1992<\/p><\/div>\n<p>Since that time in Kyoto, Anders has regarded Morikawa Zeoh <em>sensei<\/em> as his primary teacher and he always stay at Morikawa-<em>sensei<\/em>\u2019s house when he visits Japan.<\/p>\n<p>In addition to Shorinji Kempo being a fun and varied workout one of the things Anders like best about Shorinji Kempo is that he have got so many friends all over the world, including Japan, Australia, England, Canada, and the United States. Some of the better friends outside of Sweden are John McCulloch, <em>Shibu-ch\u014d<\/em> in <a title=\"To the home page of Shorinji Kempo Toronto Shibu\" href=\"http:\/\/www.torontoshorinji.org\/\" target=\"_blank\" rel=\"noopener noreferrer\">Toronto<\/a> Canada, but originally from Scotland, Steve Williams, <em>Shibu-ch\u014d<\/em> in <a title=\"To the Facebook page of Shorinji Kempo Harrow Shibu\" href=\"https:\/\/www.facebook.com\/%E5%B0%91%E6%9E%97%E5%AF%BA%E6%8B%B3%E6%B3%95-Harrow-Branch-ShorinjiKempo-UK-192431034128817\/\" target=\"_blank\" rel=\"noopener noreferrer\">Harrow<\/a> England, and Yoshi Karahashi, <em>Shibu-ch\u014d<\/em> in the <a title=\"To the home page of Shorinji Kempo Peninsula Shibu\" href=\"http:\/\/www.skpeninsula.org\/\" target=\"_blank\" rel=\"noopener noreferrer\">Peninsula<\/a> in California USA.\u00a0But also many others and of course many of the members of Rakut\u014d-doin in Kyoto.<\/p>\n<div id=\"attachment_5341\" style=\"width: 635px\" class=\"wp-caption aligncenter\"><a href=\"http:\/\/www.shorinjikempo.net\/wp-content\/uploads\/2020\/01\/morikawa-anders-morikawa-darumasai-2019.jpg\"><img loading=\"lazy\" decoding=\"async\" aria-describedby=\"caption-attachment-5341\" class=\"wp-image-5341 size-large\" title=\"Anders together with Morikawa Kazuhito sensei (to the left) &amp; Morikawa Hirohito sensei (to the right) during Daruma-sai in Rakut\u014d D\u014din 2019.\" src=\"http:\/\/www.shorinjikempo.net\/wp-content\/uploads\/2020\/01\/morikawa-anders-morikawa-darumasai-2019-640x427.jpg\" alt=\"Anders together with Morikawa Kazuhito sensei (to the left) &amp; Morikawa Hirohito sensei (to the right) during Daruma-sai in Rakut\u014d D\u014din 2019.\" width=\"625\" height=\"417\" srcset=\"https:\/\/www.shorinjikempo.net\/wp-content\/uploads\/2020\/01\/morikawa-anders-morikawa-darumasai-2019-640x427.jpg 640w, https:\/\/www.shorinjikempo.net\/wp-content\/uploads\/2020\/01\/morikawa-anders-morikawa-darumasai-2019-300x200.jpg 300w, https:\/\/www.shorinjikempo.net\/wp-content\/uploads\/2020\/01\/morikawa-anders-morikawa-darumasai-2019-768x512.jpg 768w, https:\/\/www.shorinjikempo.net\/wp-content\/uploads\/2020\/01\/morikawa-anders-morikawa-darumasai-2019-624x416.jpg 624w, https:\/\/www.shorinjikempo.net\/wp-content\/uploads\/2020\/01\/morikawa-anders-morikawa-darumasai-2019.jpg 1500w\" sizes=\"auto, (max-width: 625px) 100vw, 625px\" \/><\/a><p id=\"caption-attachment-5341\" class=\"wp-caption-text\">Anders together with Morikawa Kazuhito sensei (to the left) &amp; Morikawa Hirohito sensei (to the right) during Daruma-sai in Rakut\u014d D\u014din 2019.<\/p><\/div>\n<p>Gradings etc.<\/p>\n<ul>\n<li>Started to practice in January 1984<\/li>\n<li>Formally registered in WSKO in June 1985, <em>kisei<\/em> 435<\/li>\n<li>3 <em>ky<em>\u016b<\/em><\/em>, October 1985<\/li>\n<li>2 <em>ky<em>\u016b<\/em><\/em>, April 1986<\/li>\n<li>1 <em>ky<em>\u016b<\/em><\/em>, October 1986<\/li>\n<li><em>Shodan<\/em> (1 <em>Dan<\/em>) December 1987. Examiner was Roy Colegate-<em>sensei<\/em><\/li>\n<li><em>Sh\u014dkenshi Nidan<\/em> (2 <em>Dan<\/em>) September 1989. Hombu, chief examiner Kawashima-<em>sensei<\/em><\/li>\n<li><em>Ch\u016bkenshi Sandan<\/em> (3 <em>Dan<\/em>) September 1993. Hombu, chief examiner Matsuda-<em>sensei<\/em><\/li>\n<li><em>Seikenshi Yondan<\/em> (4 <em>Dan<\/em>) September 1997. Kyoto (<em>Butokuden<\/em>, international <em>k\u014dsh\u016bkai<\/em>), chief examiner Makino-<em>sensei<\/em><\/li>\n<li><em>Sh\u014dd\u014dshi<\/em>, April 2001 (written)<\/li>\n<li><em>Godan<\/em> (5 <em>Dan<\/em>) September 2001 WSKO <em>k\u014dsh\u016bkai<\/em> (training camp) in Jyv\u00e4skyl\u00e4,\u00a0examiners were Arai-<em>sensei<\/em> and Aosaka-<em>sensei<\/em>.<\/li>\n<li><a title=\"Report about the grading on WSKO's home page\" href=\"https:\/\/web.archive.org\/web\/20140927115726\/http:\/\/www.shorinjikempo.or.jp\/wsko\/report\/33.html\" target=\"_blank\" rel=\"noopener noreferrer\"><em>Daikenshi<\/em>, December 2003<\/a> (only written test, evaluated at Hombu)<\/li>\n<li><a title=\"Report about the grading on WSKO's home page\" href=\"https:\/\/web.archive.org\/web\/20150221131316\/http:\/\/www.shorinjikempo.or.jp\/wsko\/report\/251.html\" target=\"_blank\" rel=\"noopener noreferrer\"><em>Rokudan<\/em> (6 <em>Dan<\/em>), Hombu February 2013<\/a>, examiners were Onishi-<em>sensei<\/em> &amp; Kawashima-<em>sensei<\/em><\/li>\n<li>Appointed to <em>kokusai shid\u014din<\/em> (\u56fd\u969b\u6307\u5c0e\u54e1 \/ International Instructor), 1 April 2019 (this function has been abolished since 2023)<\/li>\n<li>Appointed to <em>kokusai shimpan-in<\/em> (\u56fd\u969b\u5be9\u5224\u54e1 \/ International Judge), 1 April 2019<\/li>\n<li>Appointed to <em>WSKO shid\u014din<\/em> (\u5c11\u6797\u5bfa\u62f3\u6cd5\u4e16\u754c\u9023\u5408\u6307\u5c0e\u54e1 \/ WSKO Instructor), 1 April 2019<\/li>\n<li><em>Junhanshi<\/em>, hombu September 2019, \u00a0examiners were Irie-<em>sensei<\/em> &amp; Yanagawase-<em>sensei<\/em><\/li>\n<li><em>Nanadan<\/em>\u00a0(7\u00a0<em>dan<\/em>), Hombu September 2025, examiners were Arai Shoji-<em>sensei<\/em>\u00a0&amp; Matsumoto-<em>sensei<\/em><\/li>\n<\/ul>\n<p><!-- At a WSKO K\u014dsh\u016bkai (training seminar) in Jyv\u00e4skyl\u00e4, September 2001, Anders did his grading to 5 dan. Examiners were Arai-sensei, 8 dan seihanshi, and Aosaka-sensei, 8 dan seihanshi. As a partner when doing his paired techniques Anders got help from Fujii-sensei 6 dan from Hombu. --><\/p>\n<p>Anders has also had a lot of assignments for administration work related to Shorinji Kempo and has been the president of the <a title=\"To the homepage of the Swedish Shorinji Kempo Federation\" href=\"http:\/\/www.shorinjikempo.se\/en\/\" target=\"_blank\" rel=\"noopener noreferrer\">Swedish Shorinji Kempo Federation<\/a> from when it was founded in 1993 until 2019, he was also <em>hy\u014dgi-in<\/em> (Council Member) in <a title=\"To the homepage of the World Shorinji Kempo Organization\" href=\"https:\/\/www.shorinjikempo.or.jp\/wsko\/\" target=\"_blank\" rel=\"noopener noreferrer\">WSKO<\/a> during the period of 2002-2006. He has also had several different assignments in the <a title=\"To the homepage of the Swedish Budo &amp; Martial Arts Federation\" href=\"https:\/\/www.budokampsport.se\/\" target=\"_blank\" rel=\"noopener noreferrer\">Swedish Budo &amp; Martial Arts Federation<\/a> over the years.<\/p>\n","protected":false},"excerpt":{"rendered":"<p>The branch\u2019s Shibu-ch\u014d (chief instructor or branch master as it often is called in English) is Anders Pettersson, who has the rank of Junhanshi 7 Dan and also the S\u014dkai [&hellip;]<\/p>\n","protected":false},"author":2,"featured_media":0,"parent":1903,"menu_order":1,"comment_status":"closed","ping_status":"closed","template":"","meta":{"footnotes":""},"class_list":["post-1918","page","type-page","status-publish","hentry"],"_links":{"self":[{"href":"https:\/\/www.shorinjikempo.net\/en\/wp-json\/wp\/v2\/pages\/1918","targetHints":{"allow":["GET"]}}],"collection":[{"href":"https:\/\/www.shorinjikempo.net\/en\/wp-json\/wp\/v2\/pages"}],"about":[{"href":"https:\/\/www.shorinjikempo.net\/en\/wp-json\/wp\/v2\/types\/page"}],"author":[{"embeddable":true,"href":"https:\/\/www.shorinjikempo.net\/en\/wp-json\/wp\/v2\/users\/2"}],"replies":[{"embeddable":true,"href":"https:\/\/www.shorinjikempo.net\/en\/wp-json\/wp\/v2\/comments?post=1918"}],"version-history":[{"count":3,"href":"https:\/\/www.shorinjikempo.net\/en\/wp-json\/wp\/v2\/pages\/1918\/revisions"}],"predecessor-version":[{"id":4649,"href":"https:\/\/www.shorinjikempo.net\/en\/wp-json\/wp\/v2\/pages\/1918\/revisions\/4649"}],"up":[{"embeddable":true,"href":"https:\/\/www.shorinjikempo.net\/en\/wp-json\/wp\/v2\/pages\/1903"}],"wp:attachment":[{"href":"https:\/\/www.shorinjikempo.net\/en\/wp-json\/wp\/v2\/media?parent=1918"}],"curies":[{"name":"wp","href":"https:\/\/api.w.org\/{rel}","templated":true}]}}