{"id":1765,"date":"2013-01-22T23:19:49","date_gmt":"2013-01-22T22:19:49","guid":{"rendered":"http:\/\/www.shorinjikempo.net\/?page_id=1765"},"modified":"2015-02-12T11:27:34","modified_gmt":"2015-02-12T10:27:34","slug":"shorinji-kempos-characteristics","status":"publish","type":"page","link":"https:\/\/www.shorinjikempo.net\/en\/about-shorinji-kempo\/shorinji-kempos-characteristics\/","title":{"rendered":"Shorinji Kempo&#8217;s Characteristics"},"content":{"rendered":"<p><img loading=\"lazy\" decoding=\"async\" class=\"alignnone size-full wp-image-740\" style=\"padding: 0px; border-radius: 0px 0px 0px 0px; border: 0pt none currentcolor; box-shadow: none;\" title=\"sh\u014drinji kemp\u014d no tokuch\u014d\" src=\"http:\/\/www.shorinjikempo.net\/wp-content\/uploads\/2011\/11\/kanji-shorinji-kempo-no-tokucho.png\" alt=\"sh\u014drinji kemp\u014d no tokuch\u014d\" width=\"335\" height=\"45\" srcset=\"https:\/\/www.shorinjikempo.net\/wp-content\/uploads\/2011\/11\/kanji-shorinji-kempo-no-tokucho.png 335w, https:\/\/www.shorinjikempo.net\/wp-content\/uploads\/2011\/11\/kanji-shorinji-kempo-no-tokucho-300x40.png 300w\" sizes=\"auto, (max-width: 335px) 100vw, 335px\" \/><\/p>\n<p>Shorinji Kempo is a martial art in which moral and ethics are an important part and there are six characteristics or basic principles that every practitioner should understand. <em>Ken Zen ichinyo<\/em> [\u62f3\u7985\u4e00\u5982] (unity of <em>ken<\/em> and zen), <em>riki ai funi<\/em> [\u529b\u611b\u4e0d\u4e8c] (strength and love in harmony), <em>shushu k\u014dj\u016b<\/em> [\u5b88\u4e3b\u653b\u5f93] (defense is primary, secondary attack), <em>fusatsu katsujin<\/em> [\u4e0d\u6bba\u6d3b\u4eba] (not to kill but to help people), <em>g\u014dj\u016b ittai<\/em> [\u525b\u67d4\u4e00\u4f53] (hard and soft is one), <em>kumite shutai<\/em> [\u7d44\u624b\u4e3b\u4f53] (training in pairs is essential).<\/p>\n<p><a href=\"http:\/\/www.shorinjikempo.net\/wp-content\/uploads\/2013\/01\/sk-tokucho-diagram-eng.jpg\"><img loading=\"lazy\" decoding=\"async\" class=\"aligncenter wp-image-4021 size-large\" title=\"Diagram over Shorinji Kempo's Characteristics\" src=\"http:\/\/www.shorinjikempo.net\/wp-content\/uploads\/2013\/01\/sk-tokucho-diagram-eng-640x281.jpg\" alt=\"Diagram over Shorinji Kempo's Characteristics\" width=\"640\" height=\"281\" srcset=\"https:\/\/www.shorinjikempo.net\/wp-content\/uploads\/2013\/01\/sk-tokucho-diagram-eng-640x281.jpg 640w, https:\/\/www.shorinjikempo.net\/wp-content\/uploads\/2013\/01\/sk-tokucho-diagram-eng-300x132.jpg 300w, https:\/\/www.shorinjikempo.net\/wp-content\/uploads\/2013\/01\/sk-tokucho-diagram-eng-624x274.jpg 624w, https:\/\/www.shorinjikempo.net\/wp-content\/uploads\/2013\/01\/sk-tokucho-diagram-eng.jpg 1500w\" sizes=\"auto, (max-width: 640px) 100vw, 640px\" \/><\/a>In Japanese this is called &#8220;<em>sh\u014drinji kemp\u014d no tokuch\u014d<\/em>&#8221; [\u5c11\u6797\u5bfa\u62f3\u6cd5\u306e\u7279\u5fb4]. The principles are based on Zen Buddhist Philosophy (Kongo Zen) and reflects Shorinji Kempo and its character as a martial art. <em>Ken zen ichinyo<\/em> describes the method of training and <em>riki ai funi<\/em> describes the proper way to act and to live. <em>Shushu k\u014dj\u016b<\/em> and <em>fusatsu katsujin<\/em> explains the correct use of the techniques. <em>G\u014dj\u016b ittai<\/em> and <em>kumite shutai<\/em> is characteristics for the training of techniques. Here is a brief explanation of these characteristics.<\/p>\n<h2><img loading=\"lazy\" decoding=\"async\" class=\"alignnone size-full wp-image-746\" style=\"border: 0pt none; padding: 0px; border-radius: 0px 0px 0px 0px; box-shadow: none;\" title=\"ken zen ichinyo\" src=\"http:\/\/www.shorinjikempo.net\/wp-content\/uploads\/2011\/11\/kanji-ken-zen-ichi-nyo.png\" alt=\"ken zen ichinyo\" width=\"120\" height=\"35\" \/><br \/>\n<em>Ken zen ichinyo<\/em> &#8211; unity of <em>ken<\/em> and <em>zen<\/em><\/h2>\n<p>The first characteristic is &#8220;<em>ken zen ichinyo<\/em>&#8221; [\u62f3\u7985\u4e00\u5982]. <em>Ken<\/em> [\u62f3] means fist and refers to the physical body and <em>zen<\/em> [\u7985] means spirit or mind. It aims to train our body and mind. Often one thinks of the mind and body as separate entities, but in reality it is not so. When something surprises us, the heart beats faster. If we get sick, it is not only the body reacts, but also our mind becomes depressed, and we have no desire to do anything. In this case, body and mind are inseparably linked. When we practice Shorinji Kempo, it is important to maintain the balance between physical and spiritual training.<\/p>\n<p>Shorinji Kempo is not only a theory of mind, nor is there a way to achieve spiritual happiness through purely physical training. Training in Shorinji Kempo is a method to nourishing both body and mind by carefully examining oneself and finding opportunities in themselves.<\/p>\n<h2><img loading=\"lazy\" decoding=\"async\" class=\"alignnone size-full wp-image-745\" style=\"border: 0pt none; padding: 0px; border-radius: 0px 0px 0px 0px; box-shadow: none;\" title=\"riki ai funi\" src=\"http:\/\/www.shorinjikempo.net\/wp-content\/uploads\/2011\/11\/kanji-riki-ai-funi.png\" alt=\"riki ai funi\" width=\"120\" height=\"35\" \/><br \/>\n<em>Riki ai funi<\/em> &#8211; strength and love in harmony<\/h2>\n<p>The second characteristic is &#8220;<em>riki ai funi<\/em>&#8221; [\u529b\u611b\u4e0d\u4e8c]. The idea is that no-one can live in happiness with only love and compassion, intellect and strength are also necessary. If you see others being beaten, your love and compassion may make you want to help them, but if you lack the courage, strength, or a way to take action, then you cannot help. On the other hand, strength without love and compassion is nothing more than violence. In order to overcome injustice or corruption, one must first have the ability to evaluate the good and the bad, then the knowledge of how to judge the situation and how to use one&#8217;s abilities and then the courage to stand up to meet the danger.<\/p>\n<p>There is a saying that says: &#8220;Justice without strength is powerless. Strength without justice is violence.&#8221; As kenshi you should harmonize your strength and love, unite your intellect and your compassion, and then &#8211; using these as the foundation for your actions &#8211; you should make your own life a stable and happy one and actively contribute to peace and well-being of society.<\/p>\n<h2><img loading=\"lazy\" decoding=\"async\" class=\"alignnone size-full wp-image-744\" style=\"border: 0pt none; padding: 0px; border-radius: 0px 0px 0px 0px; box-shadow: none;\" title=\"shushu k\u014dj\u016b\" src=\"http:\/\/www.shorinjikempo.net\/wp-content\/uploads\/2011\/11\/kanji-shushu-koju.png\" alt=\"shushu k\u014dj\u016b\" width=\"120\" height=\"35\" \/><br \/>\n<em>Shushu k\u014dj\u016b<\/em> &#8211; defense is primary, attack secondary<\/h2>\n<p>Shorinji Kempo third characteristic is &#8220;<em>shushu k\u014dj\u016b<\/em>&#8221; [\u5b88\u4e3b\u653b\u5f93], which can be translated as &#8220;defense primary, attack secondary&#8221;. The technical methods of Shorinji Kempo are designed so that they begin to defend against attack and counter attack after protecting oneself. This is because Shorinji Kempo is based on the idea that it is a martial art that is to be used only to defend oneself against violence. Because of the moral reasons we should not mindlessly strike the first blow. There is also a technical reason, in that making one&#8217;s position impregnable allows one to seize the advantage that comes when your opponent makes the first move.<\/p>\n<h2><img loading=\"lazy\" decoding=\"async\" class=\"alignnone size-full wp-image-743\" style=\"border: 0pt none; padding: 0px; border-radius: 0px 0px 0px 0px; box-shadow: none;\" title=\"fusatsu katsujin\" src=\"http:\/\/www.shorinjikempo.net\/wp-content\/uploads\/2011\/11\/kanji-fusatsu-katsujin.png\" alt=\"fusatsu katsujin\" width=\"120\" height=\"35\" \/><br \/>\n<em>Fusatsu katsujin<\/em> &#8211; not kill but help people<\/h2>\n<p>Shorinji Kempo&#8217;s fourth characteristic is &#8220;<em>fusatsu katsujin<\/em>&#8221; [\u4e0d\u6bba\u6d3b\u4eba]. Shorinji Kempo&#8217;s techniques are not for killing or injuring people. They are for protect yourself, help others and improve people&#8217;s lives. Shorinji Kempo techniques are effective in causing intense pain that makes people lose the will to fight. This is achieved by attacking vital points identified by the meridians in oriental medicine. In addition, allowing rational use of tactics, technique and strength based on principles, allows you to get a large effect from small power. Shorinji Kempo aims to always help others and never to kill or injure anyone. <em>Fusatsu katsujin<\/em> is also important from the viewpoint of Shorinji Kempo as a <em>gy\u014d<\/em> [\u884c] to develop individuals.<\/p>\n<h2><img loading=\"lazy\" decoding=\"async\" class=\"alignnone size-full wp-image-742\" style=\"border: 0pt none; padding: 0px; border-radius: 0px 0px 0px 0px; box-shadow: none;\" title=\"g\u014dj\u016b ittai\" src=\"http:\/\/www.shorinjikempo.net\/wp-content\/uploads\/2011\/11\/kanji-goju-ittai.png\" alt=\"g\u014dj\u016b ittai\" width=\"120\" height=\"35\" \/><br \/>\n<em>G\u014dj\u016b ittai<\/em> &#8211; hard and soft is one<\/h2>\n<p>Shorinji Kempo&#8217;s fifth characteristic is &#8220;<em>g\u014dj\u016b ittai<\/em>\u201d&#8221; [\u525b\u67d4\u4e00\u4f53]. <em>G\u014dh\u014d<\/em> [\u525b\u6cd5] (hard methods) means <em>tsuki<\/em> [\u7a81\u304d] (strikes), <em>keri<\/em> [\u8e74\u308a] (kicks), <em>uchi<\/em> [\u6253\u3061] (hammers), <em>kiri<\/em> [\u5207\u308a] (chops), <em>kawashi<\/em> [\u304b\u308f\u3057] (evasions); etc. <em>J\u016bh\u014d<\/em> [\u67d4\u6cd5] (soft methods) means <em>shuh\u014d<\/em> [\u5b88\u6cd5] (defence methods), <em>nuki<\/em> [\u629c\u304d] (releases), <em>gyaku waza<\/em> [\u9006\u6280] (joint reverses), <em>nage waza<\/em> [\u6295\u6280] (throwing techniques), and so on. Although <em>g\u014dh\u014d<\/em> and <em>j\u016bh\u014d<\/em> each one has its own elements complement and reinforce each other to become more efficient. This is what we call <em>g\u014dj\u016b ittai<\/em> of techniques. There are elements of <em>j\u016bh\u014d<\/em> within <em>g\u014dh\u014d<\/em> and elements of <em>g\u014dh\u014d<\/em> within <em>j\u016bh\u014d<\/em>, which we call <em>g\u014dj\u016b ittai<\/em> of application.<\/p>\n<p>One can compare these two aspects to the relation between teeth and lips. Lips are soft, with no ability to bite through things or chew it as teeth can. However, with the teeth but without lips the food would drop out of the mouth and you could not eat anything. Only with the help of lips the teeth can achieve its purpose.<\/p>\n<h2><img loading=\"lazy\" decoding=\"async\" class=\"alignnone size-full wp-image-741\" style=\"border: 0pt none; padding: 0px; border-radius: 0px 0px 0px 0px; box-shadow: none;\" title=\"kumite shutai\" src=\"http:\/\/www.shorinjikempo.net\/wp-content\/uploads\/2011\/11\/kanji-kumite-shutai.png\" alt=\"kumite shutai\" width=\"120\" height=\"35\" \/><br \/>\n<em>Kumite shutai<\/em> &#8211; training in pairs is primary<\/h2>\n<p>Shorinji Kempo&#8217;s sixth characteristic is &#8220;<em>kumite shutai<\/em>&#8221; [\u7d44\u624b\u4e3b\u4f53]. In Shorinji Kempo is training in pairs is the norm. This is to gain skills that a person cannot learn alone, such as <em>maai<\/em> [\u9593\u5408] (distance) and <em>kyojitsu<\/em> [\u865a\u5b9f] in attack and defense and other situations that arise due to the opponent moving. Moreover, it is not just a matter of making oneself stronger, but to develop a co-operative spirit by working out together with others and become stronger together with friends and peers. By applying the techniques on each other and share the pain one discover nuanced approach to the speed and force of one&#8217;s current level. That&#8217;s the way that two people who train together can improve both their techniques and character.<\/p>\n","protected":false},"excerpt":{"rendered":"<p>Shorinji Kempo is a martial art in which moral and ethics are an important part and there are six characteristics or basic principles that every practitioner should understand. Ken Zen [&hellip;]<\/p>\n","protected":false},"author":1,"featured_media":0,"parent":1699,"menu_order":3,"comment_status":"closed","ping_status":"closed","template":"","meta":{"footnotes":""},"class_list":["post-1765","page","type-page","status-publish","hentry"],"_links":{"self":[{"href":"https:\/\/www.shorinjikempo.net\/en\/wp-json\/wp\/v2\/pages\/1765","targetHints":{"allow":["GET"]}}],"collection":[{"href":"https:\/\/www.shorinjikempo.net\/en\/wp-json\/wp\/v2\/pages"}],"about":[{"href":"https:\/\/www.shorinjikempo.net\/en\/wp-json\/wp\/v2\/types\/page"}],"author":[{"embeddable":true,"href":"https:\/\/www.shorinjikempo.net\/en\/wp-json\/wp\/v2\/users\/1"}],"replies":[{"embeddable":true,"href":"https:\/\/www.shorinjikempo.net\/en\/wp-json\/wp\/v2\/comments?post=1765"}],"version-history":[{"count":4,"href":"https:\/\/www.shorinjikempo.net\/en\/wp-json\/wp\/v2\/pages\/1765\/revisions"}],"predecessor-version":[{"id":2240,"href":"https:\/\/www.shorinjikempo.net\/en\/wp-json\/wp\/v2\/pages\/1765\/revisions\/2240"}],"up":[{"embeddable":true,"href":"https:\/\/www.shorinjikempo.net\/en\/wp-json\/wp\/v2\/pages\/1699"}],"wp:attachment":[{"href":"https:\/\/www.shorinjikempo.net\/en\/wp-json\/wp\/v2\/media?parent=1765"}],"curies":[{"name":"wp","href":"https:\/\/api.w.org\/{rel}","templated":true}]}}